{"id":74138,"date":"2025-12-04T08:04:45","date_gmt":"2025-12-04T08:04:45","guid":{"rendered":"https:\/\/www.aaaep.fr\/blog-tests-psychotechniques\/?page_id=74138"},"modified":"2025-12-05T09:15:34","modified_gmt":"2025-12-05T09:15:34","slug":"redaction-articles","status":"publish","type":"page","link":"https:\/\/www.aaaep.fr\/blog-tests-psychotechniques\/redaction-articles\/","title":{"rendered":"R\u00e9daction articles"},"content":{"rendered":"\t\t<div data-elementor-type=\"wp-page\" data-elementor-id=\"74138\" class=\"elementor elementor-74138\" data-elementor-post-type=\"page\">\n\t\t\t\t<div class=\"elementor-element elementor-element-9b829d3 e-flex e-con-boxed wpr-particle-no wpr-jarallax-no wpr-parallax-no wpr-sticky-section-no e-con e-parent\" data-id=\"9b829d3\" data-element_type=\"container\" data-e-type=\"container\">\n\t\t\t\t\t<div class=\"e-con-inner\">\n\t\t\t\t<div class=\"elementor-element elementor-element-c90eee3 elementor-widget elementor-widget-shortcode\" data-id=\"c90eee3\" data-element_type=\"widget\" data-e-type=\"widget\" data-widget_type=\"shortcode.default\">\n\t\t\t\t\t\t\t<div class=\"elementor-shortcode\"><p>Vous devez \u00eatre connect\u00e9 pour r\u00e9diger un article. <a href=\"https:\/\/www.aaaep.fr\/blog-tests-psychotechniques\/page-connexion\/\">Se connecter<\/a><\/p><\/div>\n\t\t\t\t\t\t<\/div>\n\t\t\t\t\t<\/div>\n\t\t\t\t<\/div>\n\t\t\t\t<\/div>\n\t\t","protected":false},"excerpt":{"rendered":"","protected":false},"author":24,"featured_media":0,"parent":0,"menu_order":0,"comment_status":"closed","ping_status":"closed","template":"elementor_canvas","meta":{"_acf_changed":false,"footnotes":""},"class_list":["post-74138","page","type-page","status-publish","hentry"],"acf":[],"_links":{"self":[{"href":"https:\/\/www.aaaep.fr\/blog-tests-psychotechniques\/wp-json\/wp\/v2\/pages\/74138","targetHints":{"allow":["GET"]}}],"collection":[{"href":"https:\/\/www.aaaep.fr\/blog-tests-psychotechniques\/wp-json\/wp\/v2\/pages"}],"about":[{"href":"https:\/\/www.aaaep.fr\/blog-tests-psychotechniques\/wp-json\/wp\/v2\/types\/page"}],"author":[{"embeddable":true,"href":"https:\/\/www.aaaep.fr\/blog-tests-psychotechniques\/wp-json\/wp\/v2\/users\/24"}],"replies":[{"embeddable":true,"href":"https:\/\/www.aaaep.fr\/blog-tests-psychotechniques\/wp-json\/wp\/v2\/comments?post=74138"}],"version-history":[{"count":0,"href":"https:\/\/www.aaaep.fr\/blog-tests-psychotechniques\/wp-json\/wp\/v2\/pages\/74138\/revisions"}],"wp:attachment":[{"href":"https:\/\/www.aaaep.fr\/blog-tests-psychotechniques\/wp-json\/wp\/v2\/media?parent=74138"}],"curies":[{"name":"wp","href":"https:\/\/api.w.org\/{rel}","templated":true}]}}