{"id":56673,"date":"2025-11-20T13:54:16","date_gmt":"2025-11-20T13:54:16","guid":{"rendered":"https:\/\/www.aaaep.fr\/blog-tests-psychotechniques\/?page_id=56673"},"modified":"2025-12-16T13:55:51","modified_gmt":"2025-12-16T13:55:51","slug":"page-dinscription","status":"publish","type":"page","link":"https:\/\/www.aaaep.fr\/blog-tests-psychotechniques\/page-dinscription\/","title":{"rendered":"Page d&rsquo;inscription"},"content":{"rendered":"\t\t<div data-elementor-type=\"wp-page\" data-elementor-id=\"56673\" class=\"elementor elementor-56673\" data-elementor-post-type=\"page\">\n\t\t\t\t<div class=\"elementor-element elementor-element-1669e00 e-flex e-con-boxed wpr-particle-no wpr-jarallax-no wpr-parallax-no wpr-sticky-section-no e-con e-parent\" data-id=\"1669e00\" data-element_type=\"container\" data-e-type=\"container\" data-settings=\"{&quot;background_background&quot;:&quot;classic&quot;}\">\n\t\t\t\t\t<div class=\"e-con-inner\">\n\t\t\t\t<div class=\"elementor-element elementor-element-f28d3ee elementor-widget elementor-widget-theme-site-logo elementor-widget-image\" data-id=\"f28d3ee\" data-element_type=\"widget\" data-e-type=\"widget\" data-widget_type=\"theme-site-logo.default\">\n\t\t\t\t\t\t\t\t\t\t\t<a href=\"https:\/\/www.aaaep.fr\/blog-tests-psychotechniques\">\n\t\t\t<img fetchpriority=\"high\" decoding=\"async\" width=\"2560\" height=\"640\" src=\"https:\/\/www.aaaep.fr\/blog-tests-psychotechniques\/wp-content\/uploads\/2024\/12\/logo-2.png\" class=\"attachment-full size-full wp-image-9447\" alt=\"\" srcset=\"https:\/\/www.aaaep.fr\/blog-tests-psychotechniques\/wp-content\/uploads\/2024\/12\/logo-2.png 2560w, https:\/\/www.aaaep.fr\/blog-tests-psychotechniques\/wp-content\/uploads\/2024\/12\/logo-2-300x75.png 300w, https:\/\/www.aaaep.fr\/blog-tests-psychotechniques\/wp-content\/uploads\/2024\/12\/logo-2-1024x256.png 1024w, https:\/\/www.aaaep.fr\/blog-tests-psychotechniques\/wp-content\/uploads\/2024\/12\/logo-2-768x192.png 768w, https:\/\/www.aaaep.fr\/blog-tests-psychotechniques\/wp-content\/uploads\/2024\/12\/logo-2-1536x384.png 1536w, https:\/\/www.aaaep.fr\/blog-tests-psychotechniques\/wp-content\/uploads\/2024\/12\/logo-2-2048x512.png 2048w, https:\/\/www.aaaep.fr\/blog-tests-psychotechniques\/wp-content\/uploads\/2024\/12\/logo-2-150x38.png 150w, https:\/\/www.aaaep.fr\/blog-tests-psychotechniques\/wp-content\/uploads\/2024\/12\/logo-2-696x174.png 696w, https:\/\/www.aaaep.fr\/blog-tests-psychotechniques\/wp-content\/uploads\/2024\/12\/logo-2-1068x267.png 1068w, https:\/\/www.aaaep.fr\/blog-tests-psychotechniques\/wp-content\/uploads\/2024\/12\/logo-2-1920x480.png 1920w\" sizes=\"(max-width: 2560px) 100vw, 2560px\" \/>\t\t\t\t<\/a>\n\t\t\t\t\t\t\t\t\t\t\t<\/div>\n\t\t\t\t<div class=\"elementor-element elementor-element-5d59da0 elementor-widget elementor-widget-heading\" data-id=\"5d59da0\" data-element_type=\"widget\" data-e-type=\"widget\" data-widget_type=\"heading.default\">\n\t\t\t\t\t<h1 class=\"elementor-heading-title elementor-size-default\">Formulaire d'inscription<\/h1>\t\t\t\t<\/div>\n\t\t\t\t<div class=\"elementor-element elementor-element-22688ad elementor-widget elementor-widget-text-editor\" data-id=\"22688ad\" data-element_type=\"widget\" data-e-type=\"widget\" data-widget_type=\"text-editor.default\">\n\t\t\t\t\t\t\t\t\t<p>Pour commencer \u00e0 r\u00e9diger, il est n\u00e9cessaire de vous inscrire sur notre plateforme. Une fois votre demande envoy\u00e9e, un d\u00e9lai d\u2019acceptation est requis afin que nous puissions v\u00e9rifier votre inscription. D\u00e8s que votre compte sera valid\u00e9, vous recevrez une confirmation par e-mail.<\/p>\t\t\t\t\t\t\t\t<\/div>\n\t\t<div class=\"elementor-element elementor-element-db70af6 e-con-full e-flex wpr-particle-no wpr-jarallax-no wpr-parallax-no wpr-sticky-section-no e-con e-child\" data-id=\"db70af6\" data-element_type=\"container\" data-e-type=\"container\" data-settings=\"{&quot;background_background&quot;:&quot;classic&quot;}\">\n\t\t\t\t<div class=\"elementor-element elementor-element-d357ab6 elementor-widget elementor-widget-shortcode\" data-id=\"d357ab6\" data-element_type=\"widget\" data-e-type=\"widget\" data-widget_type=\"shortcode.default\">\n\t\t\t\t\t\t\t<div class=\"elementor-shortcode\"><div class=\"community-form--wrapper\">\r\n    <h2>Cr\u00e9er un compte<\/h2>\r\n    <p>Ou <a href=\"https:\/\/www.aaaep.fr\/blog-tests-psychotechniques\/page-connexion\/\">se connecter<\/a><\/p>\r\n\r\n    \r\n    <form class=\"community-form community-form-register\" method=\"post\" enctype=\"multipart\/form-data\">\r\n        <input type=\"hidden\" id=\"community_register_nonce\" name=\"community_register_nonce\" value=\"3092bbded1\" \/><input type=\"hidden\" name=\"_wp_http_referer\" value=\"\/blog-tests-psychotechniques\/wp-json\/wp\/v2\/pages\/56673\" \/>\r\n        <div class=\"community-field full-name\">\r\n            <label for=\"last_name\">Nom<\/label>\r\n            <input type=\"text\" name=\"last_name\" id=\"last_name\" placeholder=\"Nom\"\r\n                value=\"\"\r\n                required>\r\n\r\n                    <\/div>\r\n\r\n        <div class=\"community-field full-name\">\r\n            <label for=\"first_name\">Pr\u00e9nom<\/label>\r\n            <input type=\"text\" name=\"first_name\" id=\"first_name\" placeholder=\"Pr\u00e9nom\"\r\n                value=\"\"\r\n                required>\r\n                    <\/div>\r\n\r\n        <div class=\"community-field\">\r\n            <label for=\"user_email\">Adresse e-mail<\/label>\r\n            <input type=\"email\" name=\"user_email\" id=\"user_email\" placeholder=\"Adresse e-mail\"\r\n                value=\"\"\r\n                required>\r\n\r\n                    <\/div>\r\n\r\n        <div class=\"community-field\">\r\n            <label for=\"user_occupation\">M\u00e9tier<\/label>\r\n            \r\n            <div class=\"community-field\">\r\n                <label for=\"user_occupation\">M\u00e9tier<\/label>\r\n                <select name=\"user_occupation\" id=\"user_occupation\">\r\n                    <option value=\"\">M\u00e9tier<\/option>\r\n\r\n                                            <option value=\"psychologue\"\r\n                            >\r\n                            Psychologue                        <\/option>\r\n                                    <\/select>\r\n            <\/div>\r\n\r\n\r\n        <\/div>\r\n\r\n        <div class=\"community-field\">\r\n            <label for=\"user_biography\">Biographie<\/label>\r\n            <input type=\"text\" name=\"user_biography\" id=\"user_biography\" placeholder=\"Biographie\"\r\n                value=\"\">\r\n\r\n        <\/div>\r\n\r\n        <div class=\"community-field\">\r\n            <label for=\"user_pass\">Mot de passe<\/label>\r\n            <input type=\"password\" name=\"user_pass\" id=\"user_pass\" Placeholder=\"Mot de passe\" required>\r\n            <span class=\"toggle-password\" onclick=\"togglePassword('user_pass', this)\">\r\n                <img decoding=\"async\" src=\"https:\/\/www.aaaep.fr\/blog-tests-psychotechniques\/wp-content\/plugins\/community-authors\/assets\/images\/eye.svg\" alt=\"eye\">\r\n            <\/span>\r\n                    <\/div>\r\n\r\n        <div class=\"community-field custom\">\r\n            <label for=\"user_avatar\" class=\"label_avatar\">\r\n                Photo de profil                <img decoding=\"async\" src=\"https:\/\/www.aaaep.fr\/blog-tests-psychotechniques\/wp-content\/plugins\/community-authors\/assets\/images\/download.svg\" alt=\"download\">\r\n            <\/label>\r\n            <input type=\"file\" name=\"user_avatar\" id=\"user_avatar\">\r\n                    <\/div>\r\n\r\n        <div class=\"community-field\">\r\n            <button type=\"submit\" name=\"community_register_submit\">\r\n                Continuer            <\/button>\r\n        <\/div>\r\n    <\/form>\r\n<\/div><\/div>\n\t\t\t\t\t\t<\/div>\n\t\t\t\t<\/div>\n\t\t\t\t<div class=\"elementor-element elementor-element-0b04dbb elementor-nav-menu__align-center elementor-nav-menu--dropdown-none elementor-widget elementor-widget-nav-menu\" data-id=\"0b04dbb\" data-element_type=\"widget\" data-e-type=\"widget\" data-settings=\"{&quot;layout&quot;:&quot;horizontal&quot;,&quot;submenu_icon&quot;:{&quot;value&quot;:&quot;&lt;svg aria-hidden=\\&quot;true\\&quot; class=\\&quot;e-font-icon-svg e-fas-caret-down\\&quot; viewBox=\\&quot;0 0 320 512\\&quot; xmlns=\\&quot;http:\\\/\\\/www.w3.org\\\/2000\\\/svg\\&quot;&gt;&lt;path d=\\&quot;M31.3 192h257.3c17.8 0 26.7 21.5 14.1 34.1L174.1 354.8c-7.8 7.8-20.5 7.8-28.3 0L17.2 226.1C4.6 213.5 13.5 192 31.3 192z\\&quot;&gt;&lt;\\\/path&gt;&lt;\\\/svg&gt;&quot;,&quot;library&quot;:&quot;fa-solid&quot;}}\" data-widget_type=\"nav-menu.default\">\n\t\t\t\t\t\t\t\t<nav aria-label=\"Menu\" class=\"elementor-nav-menu--main elementor-nav-menu__container elementor-nav-menu--layout-horizontal e--pointer-none\">\n\t\t\t\t<ul id=\"menu-1-0b04dbb\" class=\"elementor-nav-menu\"><li class=\"menu-item menu-item-type-custom menu-item-object-custom menu-item-6866\"><a href=\"https:\/\/www.aaaep.fr\/plan-du-site.html\" class=\"elementor-item\">Plan du site<\/a><\/li>\n<li class=\"menu-item menu-item-type-custom menu-item-object-custom menu-item-6867\"><a href=\"https:\/\/www.aaaep.fr\/aaaep\/aaaep-mentions-legales.html\" class=\"elementor-item\">Mentions L\u00e9gales<\/a><\/li>\n<li class=\"menu-item menu-item-type-custom menu-item-object-custom menu-item-6868\"><a href=\"https:\/\/www.aaaep.fr\/aaaep\/cgv-aaaep-tests-psychotechniques.html\" class=\"elementor-item\">CGV<\/a><\/li>\n<li class=\"menu-item menu-item-type-custom menu-item-object-custom menu-item-6869\"><a href=\"https:\/\/www.aaaep.fr\/aaaep\/test-psychotechnique-pas-cher-offre-remboursement.html\" class=\"elementor-item\">Offre de Remboursement<\/a><\/li>\n<\/ul>\t\t\t<\/nav>\n\t\t\t\t\t\t<nav class=\"elementor-nav-menu--dropdown elementor-nav-menu__container\" aria-hidden=\"true\">\n\t\t\t\t<ul id=\"menu-2-0b04dbb\" class=\"elementor-nav-menu\"><li class=\"menu-item menu-item-type-custom menu-item-object-custom menu-item-6866\"><a href=\"https:\/\/www.aaaep.fr\/plan-du-site.html\" class=\"elementor-item\" tabindex=\"-1\">Plan du site<\/a><\/li>\n<li class=\"menu-item menu-item-type-custom menu-item-object-custom menu-item-6867\"><a href=\"https:\/\/www.aaaep.fr\/aaaep\/aaaep-mentions-legales.html\" class=\"elementor-item\" tabindex=\"-1\">Mentions L\u00e9gales<\/a><\/li>\n<li class=\"menu-item menu-item-type-custom menu-item-object-custom menu-item-6868\"><a href=\"https:\/\/www.aaaep.fr\/aaaep\/cgv-aaaep-tests-psychotechniques.html\" class=\"elementor-item\" tabindex=\"-1\">CGV<\/a><\/li>\n<li class=\"menu-item menu-item-type-custom menu-item-object-custom menu-item-6869\"><a href=\"https:\/\/www.aaaep.fr\/aaaep\/test-psychotechnique-pas-cher-offre-remboursement.html\" class=\"elementor-item\" tabindex=\"-1\">Offre de Remboursement<\/a><\/li>\n<\/ul>\t\t\t<\/nav>\n\t\t\t\t\t\t<\/div>\n\t\t\t\t\t<\/div>\n\t\t\t\t<\/div>\n\t\t\t\t<\/div>\n\t\t","protected":false},"excerpt":{"rendered":"<p>Formulaire d&rsquo;inscription Pour commencer \u00e0 r\u00e9diger, il est n\u00e9cessaire de vous inscrire sur notre plateforme. Une fois votre demande envoy\u00e9e, un d\u00e9lai d\u2019acceptation est requis afin que nous puissions v\u00e9rifier votre inscription. D\u00e8s que votre compte sera valid\u00e9, vous recevrez une confirmation par e-mail.<\/p>\n","protected":false},"author":7,"featured_media":0,"parent":0,"menu_order":0,"comment_status":"closed","ping_status":"closed","template":"elementor_canvas","meta":{"_acf_changed":false,"footnotes":""},"class_list":["post-56673","page","type-page","status-publish","hentry"],"acf":[],"_links":{"self":[{"href":"https:\/\/www.aaaep.fr\/blog-tests-psychotechniques\/wp-json\/wp\/v2\/pages\/56673","targetHints":{"allow":["GET"]}}],"collection":[{"href":"https:\/\/www.aaaep.fr\/blog-tests-psychotechniques\/wp-json\/wp\/v2\/pages"}],"about":[{"href":"https:\/\/www.aaaep.fr\/blog-tests-psychotechniques\/wp-json\/wp\/v2\/types\/page"}],"author":[{"embeddable":true,"href":"https:\/\/www.aaaep.fr\/blog-tests-psychotechniques\/wp-json\/wp\/v2\/users\/7"}],"replies":[{"embeddable":true,"href":"https:\/\/www.aaaep.fr\/blog-tests-psychotechniques\/wp-json\/wp\/v2\/comments?post=56673"}],"version-history":[{"count":0,"href":"https:\/\/www.aaaep.fr\/blog-tests-psychotechniques\/wp-json\/wp\/v2\/pages\/56673\/revisions"}],"wp:attachment":[{"href":"https:\/\/www.aaaep.fr\/blog-tests-psychotechniques\/wp-json\/wp\/v2\/media?parent=56673"}],"curies":[{"name":"wp","href":"https:\/\/api.w.org\/{rel}","templated":true}]}}